{"id":2,"date":"2023-11-16T17:30:47","date_gmt":"2023-11-16T16:30:47","guid":{"rendered":"http:\/\/concertsmedicis.com\/?page_id=2"},"modified":"2023-11-23T15:17:18","modified_gmt":"2023-11-23T14:17:18","slug":"mentions-legales","status":"publish","type":"page","link":"https:\/\/concertsmedicis.com\/index.php\/mentions-legales\/","title":{"rendered":"Mentions l\u00e9gales"},"content":{"rendered":"\n<h3 class=\"wp-block-heading\">\u00c9DITION DU SITE<\/h3>\n\n\n\n<h4 class=\"wp-block-heading\"><strong>Association G\u00e9n\u00e9rations M\u00e9dicis<\/strong><\/h4>\n\n\n\n<p><strong>Adresse<\/strong> : 5 all\u00e9e de l&rsquo;Odet 35700 Rennes<\/p>\n\n\n\n<p>Siret n\u00b0 :\u00a0923 836 068 00018<\/p>\n\n\n\n<p><strong>Directrice de publication<\/strong> : H\u00e9l\u00e8ne Jean<\/p>\n\n\n\n<hr class=\"wp-block-separator has-alpha-channel-opacity\"\/>\n\n\n\n<p><\/p>\n\n\n\n<h3 class=\"wp-block-heading\">R\u00c9ALISATION ET H\u00c9BERGEMENT<\/h3>\n\n\n\n<p><strong>Conception<\/strong> : Sol\u00e8ne Guibert <a href=\"https:\/\/www.soleneguibert.com\" target=\"_blank\" rel=\"noopener\" title=\"www.soleneguibert.com\">www.soleneguibert.com<\/a><br><strong>H\u00e9bergement<\/strong> : Hostinger<br><strong>Propuls\u00e9 par<\/strong> : WordPress<\/p>\n\n\n\n<hr class=\"wp-block-separator has-alpha-channel-opacity\"\/>\n\n\n\n<h3 class=\"wp-block-heading\">COPYRIGHT ET PROPRI\u00c9T\u00c9 INTELLECTUELLE<\/h3>\n\n\n\n<p>L\u2019ensemble des \u00e9l\u00e9ments figurant sur notre site sont prot\u00e9g\u00e9s par les dispositions du Code de la Propri\u00e9t\u00e9 Intellectuelle. En cons\u00e9quence, toute reproduction de ceux-ci, totale ou partielle, ou imitation, sans notre accord expr\u00e8s, pr\u00e9alable et \u00e9crit, est interdite.<\/p>\n\n\n\n<p>Il est formellement interdit de collecter et d\u2019utiliser les informations disponibles sur le site \u00e0 des fins commerciales.<\/p>\n\n\n\n<p>Cette interdiction s\u2019\u00e9tend notamment, sans que cette liste ne soit limitative, \u00e0 tout \u00e9l\u00e9ment r\u00e9dactionnel figurant sur le site, \u00e0 la pr\u00e9sentation des \u00e9crans, aux logiciels n\u00e9cessaires \u00e0 l\u2019exploitation, aux logos, images, photos, graphiques, de quelque nature qu\u2019ils soient.<\/p>\n","protected":false},"excerpt":{"rendered":"<p>\u00c9DITION DU SITE Association G\u00e9n\u00e9rations M\u00e9dicis Adresse : 5 all\u00e9e de l&rsquo;Odet 35700 Rennes Siret n\u00b0 :\u00a0923 836 068 00018 Directrice de publication : H\u00e9l\u00e8ne Jean R\u00c9ALISATION ET H\u00c9BERGEMENT Conception : Sol\u00e8ne Guibert www.soleneguibert.comH\u00e9bergement : HostingerPropuls\u00e9 par : WordPress COPYRIGHT ET PROPRI\u00c9T\u00c9 INTELLECTUELLE L\u2019ensemble des \u00e9l\u00e9ments figurant sur notre site sont prot\u00e9g\u00e9s par les dispositions&hellip;&nbsp;<a href=\"https:\/\/concertsmedicis.com\/index.php\/mentions-legales\/\" rel=\"bookmark\">Lire la suite &raquo;<span class=\"screen-reader-text\">Mentions l\u00e9gales<\/span><\/a><\/p>\n","protected":false},"author":1,"featured_media":0,"parent":0,"menu_order":0,"comment_status":"closed","ping_status":"open","template":"","meta":{"om_disable_all_campaigns":false,"_monsterinsights_skip_tracking":false,"_monsterinsights_sitenote_active":false,"_monsterinsights_sitenote_note":"","_monsterinsights_sitenote_category":0,"neve_meta_sidebar":"","neve_meta_container":"","neve_meta_enable_content_width":"","neve_meta_content_width":0,"neve_meta_title_alignment":"","neve_meta_author_avatar":"","neve_post_elements_order":"","neve_meta_disable_header":"","neve_meta_disable_footer":"","neve_meta_disable_title":"","_themeisle_gutenberg_block_has_review":false,"footnotes":""},"class_list":["post-2","page","type-page","status-publish","hentry"],"aioseo_notices":[],"_links":{"self":[{"href":"https:\/\/concertsmedicis.com\/index.php\/wp-json\/wp\/v2\/pages\/2","targetHints":{"allow":["GET"]}}],"collection":[{"href":"https:\/\/concertsmedicis.com\/index.php\/wp-json\/wp\/v2\/pages"}],"about":[{"href":"https:\/\/concertsmedicis.com\/index.php\/wp-json\/wp\/v2\/types\/page"}],"author":[{"embeddable":true,"href":"https:\/\/concertsmedicis.com\/index.php\/wp-json\/wp\/v2\/users\/1"}],"replies":[{"embeddable":true,"href":"https:\/\/concertsmedicis.com\/index.php\/wp-json\/wp\/v2\/comments?post=2"}],"version-history":[{"count":1,"href":"https:\/\/concertsmedicis.com\/index.php\/wp-json\/wp\/v2\/pages\/2\/revisions"}],"predecessor-version":[{"id":488,"href":"https:\/\/concertsmedicis.com\/index.php\/wp-json\/wp\/v2\/pages\/2\/revisions\/488"}],"wp:attachment":[{"href":"https:\/\/concertsmedicis.com\/index.php\/wp-json\/wp\/v2\/media?parent=2"}],"curies":[{"name":"wp","href":"https:\/\/api.w.org\/{rel}","templated":true}]}}