{"id":3,"date":"2023-11-16T17:30:47","date_gmt":"2023-11-16T16:30:47","guid":{"rendered":"http:\/\/concertsmedicis.com\/?page_id=3"},"modified":"2023-11-23T15:30:31","modified_gmt":"2023-11-23T14:30:31","slug":"politique-de-confidentialite","status":"publish","type":"page","link":"https:\/\/concertsmedicis.com\/index.php\/politique-de-confidentialite\/","title":{"rendered":"Politique de confidentialit\u00e9"},"content":{"rendered":"\n<h3 class=\"wp-block-heading\">Qui sommes-nous ?<\/h3>\n\n\n\n<p>G\u00e9n\u00e9rations M\u00e9dicis<br>5 all\u00e9e de l&rsquo;Odet 35700 Rennes<br>association.medicis@gmail.com<br><a href=\"https:\/\/concertsmedicis.com\" title=\"\">https:\/\/concertsmedicis.com<\/a><\/p>\n\n\n\n<h3 class=\"wp-block-heading\">Commentaires<\/h3>\n\n\n\n<p>Le site concertsmedicis.com n\u2019utilise pas de formulaire de commentaire.<\/p>\n\n\n\n<h3 class=\"wp-block-heading\">Formulaire de contact<\/h3>\n\n\n\n<p>Le site concertsmedicis.com utilise un formulaire de contact collectant votre adresse mail afin de nous permettre de vous r\u00e9pondre. Si vous le pr\u00e9f\u00e9rez, vous pouvez nous \u00e9crire directement de votre bo\u00eete mail \u00e0 : association.medicis@gmail.com.<\/p>\n\n\n\n<h3 class=\"wp-block-heading\">Cookies<\/h3>\n\n\n\n<p>Afin de rendre votre exp\u00e9rience utilisateur plus confortable, le site association.medicis@gmail.com est susceptible d\u2019enregistrer des cookies \u00e0 des fins statistiques, avec Google Analytics, pour suivre sa fr\u00e9quentation.<br>Un cookie est un fichier texte de petite taille, stock\u00e9 sur votre ordinateur lors de la consultation d\u2019un site internet. Il collecte des informations relatives \u00e0 votre navigation et permet de personnaliser votre navigation. Les cookies sont g\u00e9r\u00e9s par votre navigateur internet et sont anonymes.<br>Vous pouvez configurer votre navigateur internet de mani\u00e8re \u00e0 ce que des cookies soient enregistr\u00e9s sur votre ordinateur ou rejet\u00e9s, soit syst\u00e9matiquement, soit selon leur \u00e9metteur. Vous pouvez aussi configurer votre navigateur de mani\u00e8re \u00e0 ce que l\u2019acceptation ou le refus des cookies vous soient propos\u00e9s ponctuellement, avant qu\u2019un cookie soit susceptible d\u2019\u00eatre enregistr\u00e9.<br>Pour plus d\u2019informations, veuillez consulter l\u2019aide de votre navigateur (Firefox, Internet Explorer, Chrome, Safari\u2026).<\/p>\n\n\n\n<h3 class=\"wp-block-heading\">Contenu embarqu\u00e9 depuis d\u2019autres sites<\/h3>\n\n\n\n<p>Les articles de ce site peuvent inclure des contenus int\u00e9gr\u00e9s (vid\u00e9os, images\u2026). Le contenu int\u00e9gr\u00e9 depuis d\u2019autres sites se comporte de la m\u00eame mani\u00e8re que si le visiteur se rendait sur cet autre site. Ces sites web pourraient collecter des donn\u00e9es sur vous, utiliser des cookies, embarquer des outils de suivis tiers, suivre vos interactions avec ces contenus embarqu\u00e9s si vous disposez d\u2019un compte connect\u00e9 sur leur site web.<\/p>\n\n\n\n<h3 class=\"wp-block-heading\">Les droits que vous avez sur vos donn\u00e9es<\/h3>\n\n\n\n<p>Vous pouvez demander la suppression des donn\u00e9es personnelles vous concernant. Cela ne prend pas en compte les donn\u00e9es stock\u00e9es \u00e0 des fins administratives, l\u00e9gales ou pour des raisons de s\u00e9curit\u00e9.<\/p>\n","protected":false},"excerpt":{"rendered":"<p>Qui sommes-nous ? G\u00e9n\u00e9rations M\u00e9dicis5 all\u00e9e de l&rsquo;Odet 35700 Rennesassociation.medicis@gmail.comhttps:\/\/concertsmedicis.com Commentaires Le site concertsmedicis.com n\u2019utilise pas de formulaire de commentaire. Formulaire de contact Le site concertsmedicis.com utilise un formulaire de contact collectant votre adresse mail afin de nous permettre de vous r\u00e9pondre. Si vous le pr\u00e9f\u00e9rez, vous pouvez nous \u00e9crire directement de votre bo\u00eete mail&hellip;&nbsp;<a href=\"https:\/\/concertsmedicis.com\/index.php\/politique-de-confidentialite\/\" rel=\"bookmark\">Lire la suite &raquo;<span class=\"screen-reader-text\">Politique de confidentialit\u00e9<\/span><\/a><\/p>\n","protected":false},"author":1,"featured_media":0,"parent":0,"menu_order":0,"comment_status":"closed","ping_status":"open","template":"","meta":{"om_disable_all_campaigns":false,"_monsterinsights_skip_tracking":false,"_monsterinsights_sitenote_active":false,"_monsterinsights_sitenote_note":"","_monsterinsights_sitenote_category":0,"neve_meta_sidebar":"","neve_meta_container":"","neve_meta_enable_content_width":"","neve_meta_content_width":0,"neve_meta_title_alignment":"","neve_meta_author_avatar":"","neve_post_elements_order":"","neve_meta_disable_header":"","neve_meta_disable_footer":"","neve_meta_disable_title":"","_themeisle_gutenberg_block_has_review":false,"footnotes":""},"class_list":["post-3","page","type-page","status-publish","hentry"],"aioseo_notices":[],"_links":{"self":[{"href":"https:\/\/concertsmedicis.com\/index.php\/wp-json\/wp\/v2\/pages\/3","targetHints":{"allow":["GET"]}}],"collection":[{"href":"https:\/\/concertsmedicis.com\/index.php\/wp-json\/wp\/v2\/pages"}],"about":[{"href":"https:\/\/concertsmedicis.com\/index.php\/wp-json\/wp\/v2\/types\/page"}],"author":[{"embeddable":true,"href":"https:\/\/concertsmedicis.com\/index.php\/wp-json\/wp\/v2\/users\/1"}],"replies":[{"embeddable":true,"href":"https:\/\/concertsmedicis.com\/index.php\/wp-json\/wp\/v2\/comments?post=3"}],"version-history":[{"count":1,"href":"https:\/\/concertsmedicis.com\/index.php\/wp-json\/wp\/v2\/pages\/3\/revisions"}],"predecessor-version":[{"id":489,"href":"https:\/\/concertsmedicis.com\/index.php\/wp-json\/wp\/v2\/pages\/3\/revisions\/489"}],"wp:attachment":[{"href":"https:\/\/concertsmedicis.com\/index.php\/wp-json\/wp\/v2\/media?parent=3"}],"curies":[{"name":"wp","href":"https:\/\/api.w.org\/{rel}","templated":true}]}}