{"id":61,"date":"2020-01-23T18:21:52","date_gmt":"2020-01-23T18:21:52","guid":{"rendered":"https:\/\/demosites.io\/web-agency-gb\/?page_id=61"},"modified":"2025-11-11T19:13:18","modified_gmt":"2025-11-11T18:13:18","slug":"a-propos","status":"publish","type":"page","link":"https:\/\/concertsmedicis.com\/index.php\/a-propos\/","title":{"rendered":"A propos"},"content":{"rendered":"\n<div class=\"wp-block-cover alignfull is-light\" style=\"min-height:700px;aspect-ratio:unset;\"><span aria-hidden=\"true\" class=\"wp-block-cover__background has-background-dim-100 has-background-dim\" style=\"background-color:#f6f3ec\"><\/span><div class=\"wp-block-cover__inner-container is-layout-flow wp-block-cover-is-layout-flow\">\n<div class=\"wp-block-group\"><div class=\"wp-block-group__inner-container is-layout-flow wp-block-group-is-layout-flow\">\n<div style=\"height:50px\" aria-hidden=\"true\" class=\"wp-block-spacer\"><\/div>\n\n\n<figure style=\"aspect-ratio:16\/9;\" class=\"aligncenter wp-block-post-featured-image\"><img fetchpriority=\"high\" decoding=\"async\" width=\"1500\" height=\"997\" src=\"https:\/\/concertsmedicis.com\/wp-content\/uploads\/2023\/11\/DSC06919.jpg\" class=\"attachment-post-thumbnail size-post-thumbnail wp-post-image\" alt=\"\" style=\"width:100%;height:100%;object-fit:cover;\" srcset=\"https:\/\/concertsmedicis.com\/wp-content\/uploads\/2023\/11\/DSC06919.jpg 1500w, https:\/\/concertsmedicis.com\/wp-content\/uploads\/2023\/11\/DSC06919-300x199.jpg 300w, https:\/\/concertsmedicis.com\/wp-content\/uploads\/2023\/11\/DSC06919-1024x681.jpg 1024w, https:\/\/concertsmedicis.com\/wp-content\/uploads\/2023\/11\/DSC06919-768x510.jpg 768w\" sizes=\"(max-width: 1500px) 100vw, 1500px\" \/><\/figure>\n\n\n<p class=\"has-text-align-left has-neve-text-color-color has-text-color has-link-color wp-elements-143a7b26533b684b144c173117df4470\"><sup><em>cr\u00e9dit photo : Juliette Bro<\/em><\/sup><\/p>\n\n\n\n<div style=\"height:30px\" aria-hidden=\"true\" class=\"wp-block-spacer\"><\/div>\n\n\n\n<div class=\"wp-block-columns is-layout-flex wp-container-core-columns-is-layout-9d6595d7 wp-block-columns-is-layout-flex\">\n<div class=\"wp-block-column is-layout-flow wp-block-column-is-layout-flow\" style=\"flex-basis:15%\"><\/div>\n\n\n\n<div class=\"wp-block-column is-layout-flow wp-block-column-is-layout-flow\" style=\"flex-basis:70%\">\n<h2 class=\"wp-block-heading has-neve-text-color-color has-text-color\">Lyricdays c&rsquo;est :<\/h2>\n\n\n\n<ul class=\"wp-block-list has-medium-font-size\">\n<li class=\"has-medium-font-size\">Choisir une \u0153uvre connue du r\u00e9pertoire lyrique : en 2025 \u00abCarmen\u00bb de Georges Bizet, en 2024 \u00abLa Traviata\u00bb de Verdi &#8230;<\/li>\n\n\n\n<li class=\"has-medium-font-size\">Recruter des artistes reconnus sur les sc\u00e8nes nationales et internationales<\/li>\n\n\n\n<li class=\"has-medium-font-size\">Associer un ch\u0153ur form\u00e9 pour l\u2019op\u00e9ra et un orchestre symphonique: Ch\u0153ur et Orchestre M\u00e9dicis.<\/li>\n\n\n\n<li class=\"has-medium-font-size\">Confier une part importante de la sc\u00e9nographie \u00e0 des lyc\u00e9ens : promouvoir la culture et la formation des jeunes.<\/li>\n<\/ul>\n<\/div>\n\n\n\n<div class=\"wp-block-column is-layout-flow wp-block-column-is-layout-flow\" style=\"flex-basis:15%\"><\/div>\n<\/div>\n\n\n\n<div class=\"wp-block-columns has-neve-text-color-color has-text-color is-layout-flex wp-container-core-columns-is-layout-9d6595d7 wp-block-columns-is-layout-flex\">\n<div class=\"wp-block-column is-vertically-aligned-center is-layout-flow wp-block-column-is-layout-flow\" style=\"flex-basis:100%\"><\/div>\n<\/div>\n\n\n\n<hr class=\"wp-block-separator has-alpha-channel-opacity\"\/>\n\n\n\n<div class=\"wp-block-group\"><div class=\"wp-block-group__inner-container is-layout-constrained wp-block-group-is-layout-constrained\">\n<div style=\"height:20px\" aria-hidden=\"true\" class=\"wp-block-spacer\"><\/div>\n\n\n\n<figure class=\"wp-block-gallery has-nested-images columns-6 is-cropped wp-block-gallery-1 is-layout-flex wp-block-gallery-is-layout-flex\">\n<figure class=\"wp-block-image size-large\"><img decoding=\"async\" width=\"742\" height=\"1024\" data-id=\"366\" src=\"https:\/\/concertsmedicis.com\/wp-content\/uploads\/2023\/11\/Affiche-3-742x1024.jpg\" alt=\"\" class=\"wp-image-366\" srcset=\"https:\/\/concertsmedicis.com\/wp-content\/uploads\/2023\/11\/Affiche-3-742x1024.jpg 742w, https:\/\/concertsmedicis.com\/wp-content\/uploads\/2023\/11\/Affiche-3-217x300.jpg 217w, https:\/\/concertsmedicis.com\/wp-content\/uploads\/2023\/11\/Affiche-3-768x1060.jpg 768w, https:\/\/concertsmedicis.com\/wp-content\/uploads\/2023\/11\/Affiche-3-1112x1536.jpg 1112w, https:\/\/concertsmedicis.com\/wp-content\/uploads\/2023\/11\/Affiche-3-1483x2048.jpg 1483w, https:\/\/concertsmedicis.com\/wp-content\/uploads\/2023\/11\/Affiche-3-scaled.jpg 1854w\" sizes=\"(max-width: 742px) 100vw, 742px\" \/><\/figure>\n\n\n\n<figure class=\"wp-block-image size-large\"><img decoding=\"async\" width=\"742\" height=\"1024\" data-id=\"498\" src=\"https:\/\/concertsmedicis.com\/wp-content\/uploads\/2023\/11\/COSI-MAJ2023v4-742x1024.jpg\" alt=\"\" class=\"wp-image-498\" srcset=\"https:\/\/concertsmedicis.com\/wp-content\/uploads\/2023\/11\/COSI-MAJ2023v4-742x1024.jpg 742w, https:\/\/concertsmedicis.com\/wp-content\/uploads\/2023\/11\/COSI-MAJ2023v4-217x300.jpg 217w, https:\/\/concertsmedicis.com\/wp-content\/uploads\/2023\/11\/COSI-MAJ2023v4-768x1060.jpg 768w, https:\/\/concertsmedicis.com\/wp-content\/uploads\/2023\/11\/COSI-MAJ2023v4-1113x1536.jpg 1113w, https:\/\/concertsmedicis.com\/wp-content\/uploads\/2023\/11\/COSI-MAJ2023v4.jpg 1200w\" sizes=\"(max-width: 742px) 100vw, 742px\" \/><\/figure>\n\n\n\n<figure class=\"wp-block-image size-large\"><img loading=\"lazy\" decoding=\"async\" width=\"726\" height=\"1024\" data-id=\"467\" src=\"https:\/\/concertsmedicis.com\/wp-content\/uploads\/2023\/11\/Orphee-AfficheA4_210x297mm-RectoSeul-726x1024.jpg\" alt=\"\" class=\"wp-image-467\" srcset=\"https:\/\/concertsmedicis.com\/wp-content\/uploads\/2023\/11\/Orphee-AfficheA4_210x297mm-RectoSeul-726x1024.jpg 726w, https:\/\/concertsmedicis.com\/wp-content\/uploads\/2023\/11\/Orphee-AfficheA4_210x297mm-RectoSeul-213x300.jpg 213w, https:\/\/concertsmedicis.com\/wp-content\/uploads\/2023\/11\/Orphee-AfficheA4_210x297mm-RectoSeul-768x1083.jpg 768w, https:\/\/concertsmedicis.com\/wp-content\/uploads\/2023\/11\/Orphee-AfficheA4_210x297mm-RectoSeul.jpg 1000w\" sizes=\"(max-width: 726px) 100vw, 726px\" \/><\/figure>\n\n\n\n<figure class=\"wp-block-image size-large\"><img loading=\"lazy\" decoding=\"async\" width=\"724\" height=\"1024\" data-id=\"424\" src=\"https:\/\/concertsmedicis.com\/wp-content\/uploads\/2023\/11\/Carnaval_BD-724x1024.jpg\" alt=\"\" class=\"wp-image-424\" srcset=\"https:\/\/concertsmedicis.com\/wp-content\/uploads\/2023\/11\/Carnaval_BD-724x1024.jpg 724w, https:\/\/concertsmedicis.com\/wp-content\/uploads\/2023\/11\/Carnaval_BD-212x300.jpg 212w, https:\/\/concertsmedicis.com\/wp-content\/uploads\/2023\/11\/Carnaval_BD-768x1086.jpg 768w, https:\/\/concertsmedicis.com\/wp-content\/uploads\/2023\/11\/Carnaval_BD.jpg 800w\" sizes=\"(max-width: 724px) 100vw, 724px\" \/><\/figure>\n\n\n\n<figure class=\"wp-block-image size-large\"><img loading=\"lazy\" decoding=\"async\" width=\"717\" height=\"1024\" data-id=\"459\" src=\"https:\/\/concertsmedicis.com\/wp-content\/uploads\/2023\/11\/FlyerA6-recto-verso_Pierre-et-le-Loup-s-1-717x1024.jpg\" alt=\"\" class=\"wp-image-459\" srcset=\"https:\/\/concertsmedicis.com\/wp-content\/uploads\/2023\/11\/FlyerA6-recto-verso_Pierre-et-le-Loup-s-1-717x1024.jpg 717w, https:\/\/concertsmedicis.com\/wp-content\/uploads\/2023\/11\/FlyerA6-recto-verso_Pierre-et-le-Loup-s-1-210x300.jpg 210w, https:\/\/concertsmedicis.com\/wp-content\/uploads\/2023\/11\/FlyerA6-recto-verso_Pierre-et-le-Loup-s-1-768x1097.jpg 768w, https:\/\/concertsmedicis.com\/wp-content\/uploads\/2023\/11\/FlyerA6-recto-verso_Pierre-et-le-Loup-s-1.jpg 1000w\" sizes=\"(max-width: 717px) 100vw, 717px\" \/><\/figure>\n\n\n\n<figure class=\"wp-block-image size-large is-style-default\"><img loading=\"lazy\" decoding=\"async\" width=\"683\" height=\"1024\" data-id=\"460\" src=\"https:\/\/concertsmedicis.com\/wp-content\/uploads\/2023\/11\/La-flute-enchantee-Affiche-1-683x1024.jpg\" alt=\"\" class=\"wp-image-460\" srcset=\"https:\/\/concertsmedicis.com\/wp-content\/uploads\/2023\/11\/La-flute-enchantee-Affiche-1-683x1024.jpg 683w, https:\/\/concertsmedicis.com\/wp-content\/uploads\/2023\/11\/La-flute-enchantee-Affiche-1-200x300.jpg 200w, https:\/\/concertsmedicis.com\/wp-content\/uploads\/2023\/11\/La-flute-enchantee-Affiche-1-768x1152.jpg 768w, https:\/\/concertsmedicis.com\/wp-content\/uploads\/2023\/11\/La-flute-enchantee-Affiche-1-1024x1536.jpg 1024w, https:\/\/concertsmedicis.com\/wp-content\/uploads\/2023\/11\/La-flute-enchantee-Affiche-1-1365x2048.jpg 1365w, https:\/\/concertsmedicis.com\/wp-content\/uploads\/2023\/11\/La-flute-enchantee-Affiche-1-scaled.jpg 1707w\" sizes=\"(max-width: 683px) 100vw, 683px\" \/><\/figure>\n<\/figure>\n\n\n\n<div style=\"height:20px\" aria-hidden=\"true\" class=\"wp-block-spacer\"><\/div>\n<\/div><\/div>\n\n\n\n<div style=\"height:40px\" aria-hidden=\"true\" class=\"wp-block-spacer\"><\/div>\n<\/div><\/div>\n<\/div><\/div>\n\n\n\n<div class=\"wp-block-cover alignfull\" style=\"min-height:500px;aspect-ratio:unset;\"><span aria-hidden=\"true\" class=\"wp-block-cover__background has-background-dim-100 has-background-dim\" style=\"background-color:#2a3f74\"><\/span><div class=\"wp-block-cover__inner-container is-layout-flow wp-block-cover-is-layout-flow\">\n<div class=\"wp-block-group\"><div class=\"wp-block-group__inner-container is-layout-flow wp-block-group-is-layout-flow\">\n<div class=\"wp-block-columns are-vertically-aligned-center has-neve-text-color-color has-text-color is-layout-flex wp-container-core-columns-is-layout-9d6595d7 wp-block-columns-is-layout-flex\">\n<div class=\"wp-block-column is-vertically-aligned-center is-layout-flow wp-block-column-is-layout-flow\" style=\"flex-basis:50%\">\n<div style=\"height:20px\" aria-hidden=\"true\" class=\"wp-block-spacer\"><\/div>\n\n\n\n<h2 class=\"wp-block-heading has-nv-site-bg-color has-text-color has-link-color wp-elements-10dfefe1e2f13b3b85f6a3a3e4698308\">Ils nous soutiennent<\/h2>\n<\/div>\n<\/div>\n<\/div><\/div>\n\n\n\n<figure class=\"wp-block-gallery has-nested-images columns-7 is-cropped wp-block-gallery-2 is-layout-flex wp-block-gallery-is-layout-flex\">\n<figure class=\"wp-block-image size-large\"><img loading=\"lazy\" decoding=\"async\" width=\"1024\" height=\"1024\" data-id=\"754\" src=\"http:\/\/concertsmedicis.com\/wp-content\/uploads\/2024\/11\/Region-bretagne-logo.svg-1024x1024.png\" alt=\"\" class=\"wp-image-754\" srcset=\"https:\/\/concertsmedicis.com\/wp-content\/uploads\/2024\/11\/Region-bretagne-logo.svg-1024x1024.png 1024w, https:\/\/concertsmedicis.com\/wp-content\/uploads\/2024\/11\/Region-bretagne-logo.svg-300x300.png 300w, https:\/\/concertsmedicis.com\/wp-content\/uploads\/2024\/11\/Region-bretagne-logo.svg-150x150.png 150w, https:\/\/concertsmedicis.com\/wp-content\/uploads\/2024\/11\/Region-bretagne-logo.svg-768x768.png 768w, https:\/\/concertsmedicis.com\/wp-content\/uploads\/2024\/11\/Region-bretagne-logo.svg.png 1200w\" sizes=\"(max-width: 1024px) 100vw, 1024px\" \/><\/figure>\n\n\n\n<figure class=\"wp-block-image size-large\"><img loading=\"lazy\" decoding=\"async\" width=\"1024\" height=\"992\" data-id=\"753\" src=\"http:\/\/concertsmedicis.com\/wp-content\/uploads\/2024\/11\/Academie_de_Rennes.svg-1024x992.png\" alt=\"\" class=\"wp-image-753\" srcset=\"https:\/\/concertsmedicis.com\/wp-content\/uploads\/2024\/11\/Academie_de_Rennes.svg-1024x992.png 1024w, https:\/\/concertsmedicis.com\/wp-content\/uploads\/2024\/11\/Academie_de_Rennes.svg-300x291.png 300w, https:\/\/concertsmedicis.com\/wp-content\/uploads\/2024\/11\/Academie_de_Rennes.svg-768x744.png 768w, https:\/\/concertsmedicis.com\/wp-content\/uploads\/2024\/11\/Academie_de_Rennes.svg.png 1200w\" sizes=\"(max-width: 1024px) 100vw, 1024px\" \/><\/figure>\n\n\n\n<figure class=\"wp-block-image size-full is-style-default\"><img loading=\"lazy\" decoding=\"async\" width=\"500\" height=\"500\" data-id=\"749\" src=\"https:\/\/concertsmedicis.com\/wp-content\/uploads\/2024\/11\/Rennes.png\" alt=\"\" class=\"wp-image-749\" srcset=\"https:\/\/concertsmedicis.com\/wp-content\/uploads\/2024\/11\/Rennes.png 500w, https:\/\/concertsmedicis.com\/wp-content\/uploads\/2024\/11\/Rennes-300x300.png 300w, https:\/\/concertsmedicis.com\/wp-content\/uploads\/2024\/11\/Rennes-150x150.png 150w\" sizes=\"(max-width: 500px) 100vw, 500px\" \/><\/figure>\n\n\n\n<figure class=\"wp-block-image size-full\"><img loading=\"lazy\" decoding=\"async\" width=\"300\" height=\"300\" data-id=\"717\" src=\"http:\/\/concertsmedicis.com\/wp-content\/uploads\/2024\/07\/logo_saint-gregoire.jpg\" alt=\"\" class=\"wp-image-717\" srcset=\"https:\/\/concertsmedicis.com\/wp-content\/uploads\/2024\/07\/logo_saint-gregoire.jpg 300w, https:\/\/concertsmedicis.com\/wp-content\/uploads\/2024\/07\/logo_saint-gregoire-150x150.jpg 150w\" sizes=\"(max-width: 300px) 100vw, 300px\" \/><\/figure>\n\n\n\n<figure class=\"wp-block-image size-full\"><img loading=\"lazy\" decoding=\"async\" width=\"204\" height=\"192\" data-id=\"716\" src=\"http:\/\/concertsmedicis.com\/wp-content\/uploads\/2024\/07\/Montgermont.png\" alt=\"\" class=\"wp-image-716\"\/><\/figure>\n<\/figure>\n\n\n\n<div style=\"height:12px\" aria-hidden=\"true\" class=\"wp-block-spacer\"><\/div>\n\n\n\n<figure class=\"wp-block-gallery has-nested-images columns-7 is-cropped wp-block-gallery-3 is-layout-flex wp-block-gallery-is-layout-flex\">\n<figure class=\"wp-block-image size-full\"><img loading=\"lazy\" decoding=\"async\" width=\"225\" height=\"225\" data-id=\"603\" src=\"https:\/\/concertsmedicis.com\/wp-content\/uploads\/2023\/11\/Logo-E-Leclerc.png\" alt=\"\" class=\"wp-image-603\" srcset=\"https:\/\/concertsmedicis.com\/wp-content\/uploads\/2023\/11\/Logo-E-Leclerc.png 225w, https:\/\/concertsmedicis.com\/wp-content\/uploads\/2023\/11\/Logo-E-Leclerc-150x150.png 150w\" sizes=\"(max-width: 225px) 100vw, 225px\" \/><\/figure>\n\n\n\n<figure class=\"wp-block-image size-full\"><img loading=\"lazy\" decoding=\"async\" width=\"500\" height=\"500\" data-id=\"751\" src=\"http:\/\/concertsmedicis.com\/wp-content\/uploads\/2024\/11\/Pianos-Bazoin_carre.png\" alt=\"\" class=\"wp-image-751\" srcset=\"https:\/\/concertsmedicis.com\/wp-content\/uploads\/2024\/11\/Pianos-Bazoin_carre.png 500w, https:\/\/concertsmedicis.com\/wp-content\/uploads\/2024\/11\/Pianos-Bazoin_carre-300x300.png 300w, https:\/\/concertsmedicis.com\/wp-content\/uploads\/2024\/11\/Pianos-Bazoin_carre-150x150.png 150w\" sizes=\"(max-width: 500px) 100vw, 500px\" \/><\/figure>\n\n\n\n<figure class=\"wp-block-image size-full\"><img loading=\"lazy\" decoding=\"async\" width=\"500\" height=\"500\" data-id=\"889\" src=\"https:\/\/concertsmedicis.com\/wp-content\/uploads\/2025\/10\/VICTORYUS.png\" alt=\"\" class=\"wp-image-889\" srcset=\"https:\/\/concertsmedicis.com\/wp-content\/uploads\/2025\/10\/VICTORYUS.png 500w, https:\/\/concertsmedicis.com\/wp-content\/uploads\/2025\/10\/VICTORYUS-300x300.png 300w, https:\/\/concertsmedicis.com\/wp-content\/uploads\/2025\/10\/VICTORYUS-150x150.png 150w\" sizes=\"(max-width: 500px) 100vw, 500px\" \/><\/figure>\n\n\n\n<figure class=\"wp-block-image size-full\"><img loading=\"lazy\" decoding=\"async\" width=\"500\" height=\"500\" data-id=\"855\" src=\"https:\/\/concertsmedicis.com\/wp-content\/uploads\/2025\/10\/Batek.jpg\" alt=\"\" class=\"wp-image-855\" srcset=\"https:\/\/concertsmedicis.com\/wp-content\/uploads\/2025\/10\/Batek.jpg 500w, https:\/\/concertsmedicis.com\/wp-content\/uploads\/2025\/10\/Batek-300x300.jpg 300w, https:\/\/concertsmedicis.com\/wp-content\/uploads\/2025\/10\/Batek-150x150.jpg 150w\" sizes=\"(max-width: 500px) 100vw, 500px\" \/><\/figure>\n\n\n\n<figure class=\"wp-block-image size-full\"><img loading=\"lazy\" decoding=\"async\" width=\"500\" height=\"500\" data-id=\"890\" src=\"https:\/\/concertsmedicis.com\/wp-content\/uploads\/2025\/10\/PositivFormation.png\" alt=\"\" class=\"wp-image-890\" srcset=\"https:\/\/concertsmedicis.com\/wp-content\/uploads\/2025\/10\/PositivFormation.png 500w, https:\/\/concertsmedicis.com\/wp-content\/uploads\/2025\/10\/PositivFormation-300x300.png 300w, https:\/\/concertsmedicis.com\/wp-content\/uploads\/2025\/10\/PositivFormation-150x150.png 150w\" sizes=\"(max-width: 500px) 100vw, 500px\" \/><\/figure>\n\n\n\n<figure class=\"wp-block-image size-large is-style-default\"><img loading=\"lazy\" decoding=\"async\" width=\"1771\" height=\"1771\" data-id=\"608\" src=\"https:\/\/concertsmedicis.com\/wp-content\/uploads\/2023\/11\/logo-pass-culture-1-png-16162-3885515753-edited.png\" alt=\"\" class=\"wp-image-608\" srcset=\"https:\/\/concertsmedicis.com\/wp-content\/uploads\/2023\/11\/logo-pass-culture-1-png-16162-3885515753-edited.png 1771w, https:\/\/concertsmedicis.com\/wp-content\/uploads\/2023\/11\/logo-pass-culture-1-png-16162-3885515753-edited-300x300.png 300w, https:\/\/concertsmedicis.com\/wp-content\/uploads\/2023\/11\/logo-pass-culture-1-png-16162-3885515753-edited-1024x1024.png 1024w, https:\/\/concertsmedicis.com\/wp-content\/uploads\/2023\/11\/logo-pass-culture-1-png-16162-3885515753-edited-150x150.png 150w, https:\/\/concertsmedicis.com\/wp-content\/uploads\/2023\/11\/logo-pass-culture-1-png-16162-3885515753-edited-768x768.png 768w, https:\/\/concertsmedicis.com\/wp-content\/uploads\/2023\/11\/logo-pass-culture-1-png-16162-3885515753-edited-1536x1536.png 1536w\" sizes=\"(max-width: 1771px) 100vw, 1771px\" \/><\/figure>\n<\/figure>\n\n\n\n<div style=\"height:50px\" aria-hidden=\"true\" class=\"wp-block-spacer\"><\/div>\n<\/div><\/div>\n","protected":false},"excerpt":{"rendered":"","protected":false},"author":1,"featured_media":458,"parent":0,"menu_order":0,"comment_status":"closed","ping_status":"closed","template":"","meta":{"om_disable_all_campaigns":false,"_monsterinsights_skip_tracking":false,"_monsterinsights_sitenote_active":false,"_monsterinsights_sitenote_note":"","_monsterinsights_sitenote_category":0,"neve_meta_sidebar":"default","neve_meta_container":"default","neve_meta_enable_content_width":"on","neve_meta_content_width":100,"neve_meta_title_alignment":"","neve_meta_author_avatar":"","neve_post_elements_order":"","neve_meta_disable_header":"","neve_meta_disable_footer":"","neve_meta_disable_title":"on","_themeisle_gutenberg_block_has_review":false,"footnotes":""},"class_list":["post-61","page","type-page","status-publish","has-post-thumbnail","hentry"],"aioseo_notices":[],"_links":{"self":[{"href":"https:\/\/concertsmedicis.com\/index.php\/wp-json\/wp\/v2\/pages\/61","targetHints":{"allow":["GET"]}}],"collection":[{"href":"https:\/\/concertsmedicis.com\/index.php\/wp-json\/wp\/v2\/pages"}],"about":[{"href":"https:\/\/concertsmedicis.com\/index.php\/wp-json\/wp\/v2\/types\/page"}],"author":[{"embeddable":true,"href":"https:\/\/concertsmedicis.com\/index.php\/wp-json\/wp\/v2\/users\/1"}],"replies":[{"embeddable":true,"href":"https:\/\/concertsmedicis.com\/index.php\/wp-json\/wp\/v2\/comments?post=61"}],"version-history":[{"count":22,"href":"https:\/\/concertsmedicis.com\/index.php\/wp-json\/wp\/v2\/pages\/61\/revisions"}],"predecessor-version":[{"id":920,"href":"https:\/\/concertsmedicis.com\/index.php\/wp-json\/wp\/v2\/pages\/61\/revisions\/920"}],"wp:featuredmedia":[{"embeddable":true,"href":"https:\/\/concertsmedicis.com\/index.php\/wp-json\/wp\/v2\/media\/458"}],"wp:attachment":[{"href":"https:\/\/concertsmedicis.com\/index.php\/wp-json\/wp\/v2\/media?parent=61"}],"curies":[{"name":"wp","href":"https:\/\/api.w.org\/{rel}","templated":true}]}}